{"id":12,"date":"2015-05-29T11:08:04","date_gmt":"2015-05-29T08:08:04","guid":{"rendered":"http:\/\/kuulemisohje\/?page_id=12"},"modified":"2019-06-24T10:41:29","modified_gmt":"2019-06-24T07:41:29","slug":"julkaisun-tiedot","status":"publish","type":"page","link":"https:\/\/kuulemisopas.finlex.fi\/sv\/julkaisun-tiedot\/","title":{"rendered":"Information om publikationen"},"content":{"rendered":"<p>Anvisningen \u00e4r avsedd som st\u00f6d f\u00f6r statsr\u00e5dets lagberedare vid h\u00f6rande i samband med f\u00f6rfattningsberedning. Sj\u00e4lva anvisningen finns p\u00e5 svenska och har getts ut som statsr\u00e5dets principbeslut. Den syftar till att skapa en allm\u00e4n ram f\u00f6r f\u00f6rfarandet vid h\u00f6rande. \u00a0F\u00f6r att st\u00f6da till\u00e4mpningen av anvisningen i praktiken har det utarbetats separata anvisningar om h\u00f6rande vid lagberedningsprocessen, metoderna f\u00f6r h\u00f6rande och de lagstadgade skyldigheterna som g\u00e4ller h\u00f6rande. De kompletterande delarna uppdateras vid justitieministeriet efter behov. St\u00f6dmaterialet finns tillg\u00e4ngligt enbart p\u00e5 finska.<\/p>","protected":false},"excerpt":{"rendered":"Anvisningen \u00e4r avsedd som st\u00f6d f\u00f6r statsr\u00e5dets lagberedare vid h\u00f6rande i samband med f\u00f6rfattningsberedning. Sj\u00e4lva anvisningen finns p\u00e5 svenska och har getts ut som statsr\u00e5dets principbeslut. Den syftar till att skapa en allm\u00e4n ram f\u00f6r f\u00f6rfarandet vid h\u00f6rande. \u00a0F\u00f6r att st\u00f6da till\u00e4mpningen av anvisningen i praktiken har det utarbetats separata anvisningar om h\u00f6rande vid lagberedningsprocessen, [&hellip;]\n","protected":false},"author":13,"featured_media":0,"parent":0,"menu_order":0,"comment_status":"closed","ping_status":"closed","template":"page-templates\/text-page.php","meta":{"footnotes":""},"categories":[],"_links":{"self":[{"href":"https:\/\/kuulemisopas.finlex.fi\/sv\/wp-json\/wp\/v2\/pages\/12"}],"collection":[{"href":"https:\/\/kuulemisopas.finlex.fi\/sv\/wp-json\/wp\/v2\/pages"}],"about":[{"href":"https:\/\/kuulemisopas.finlex.fi\/sv\/wp-json\/wp\/v2\/types\/page"}],"author":[{"embeddable":true,"href":"https:\/\/kuulemisopas.finlex.fi\/sv\/wp-json\/wp\/v2\/users\/13"}],"replies":[{"embeddable":true,"href":"https:\/\/kuulemisopas.finlex.fi\/sv\/wp-json\/wp\/v2\/comments?post=12"}],"version-history":[{"count":10,"href":"https:\/\/kuulemisopas.finlex.fi\/sv\/wp-json\/wp\/v2\/pages\/12\/revisions"}],"predecessor-version":[{"id":840,"href":"https:\/\/kuulemisopas.finlex.fi\/sv\/wp-json\/wp\/v2\/pages\/12\/revisions\/840"}],"wp:attachment":[{"href":"https:\/\/kuulemisopas.finlex.fi\/sv\/wp-json\/wp\/v2\/media?parent=12"}],"wp:term":[{"taxonomy":"category","embeddable":true,"href":"https:\/\/kuulemisopas.finlex.fi\/sv\/wp-json\/wp\/v2\/categories?post=12"}],"curies":[{"name":"wp","href":"https:\/\/api.w.org\/{rel}","templated":true}]}}