{"id":5,"date":"2015-05-29T10:59:09","date_gmt":"2015-05-29T07:59:09","guid":{"rendered":"http:\/\/kuulemisohje\/?page_id=5"},"modified":"2019-06-24T10:42:22","modified_gmt":"2019-06-24T07:42:22","slug":"etusivu","status":"publish","type":"page","link":"https:\/\/kuulemisopas.finlex.fi\/sv\/","title":{"rendered":"Etusivu"},"content":{"rendered":"<p>I anvisningen behandlas fr\u00e5gor som g\u00e4ller h\u00f6rande vid f\u00f6rfattningsberedning. Med h\u00f6rande avses inh\u00e4mtande av intressentgruppers och allm\u00e4nhetens \u00e5sikter, kunskaper och erfarenheter om \u00e4renden som \u00e4r under beredning. Intressentgrupper \u00e4r till exempel myndigheter, sakkunniga, organisationer och f\u00f6retag. Fr\u00e5gor som tas upp i anvisningen \u00e4r hur man planerar h\u00f6randet, vilka metoder som kan anv\u00e4ndas samt hur remissvaren behandlas. I anvisningen definieras ocks\u00e5 minimitiden f\u00f6r remissbehandlingen och presenteras f\u00f6rfaranden som fr\u00e4mjar beredningens \u00f6ppenhet.<\/p>\n<p>Syftet med anvisningen \u00e4r att fr\u00e4mja regelbunden anv\u00e4ndning av metoderna och f\u00f6rfarandena f\u00f6r h\u00f6rande vid f\u00f6rfattningsberedning f\u00f6r att \u00f6ka beredningens \u00f6ppenhet och ge intressentgrupperna b\u00e4ttre m\u00f6jligheter att delta.<\/p>","protected":false},"excerpt":{"rendered":"I anvisningen behandlas fr\u00e5gor som g\u00e4ller h\u00f6rande vid f\u00f6rfattningsberedning. Med h\u00f6rande avses inh\u00e4mtande av intressentgruppers och allm\u00e4nhetens \u00e5sikter, kunskaper och erfarenheter om \u00e4renden som \u00e4r under beredning. Intressentgrupper \u00e4r till exempel myndigheter, sakkunniga, organisationer och f\u00f6retag. Fr\u00e5gor som tas upp i anvisningen \u00e4r hur man planerar h\u00f6randet, vilka metoder som kan anv\u00e4ndas samt hur remissvaren [&hellip;]\n","protected":false},"author":13,"featured_media":0,"parent":0,"menu_order":0,"comment_status":"closed","ping_status":"closed","template":"page-templates\/front-page.php","meta":{"footnotes":""},"categories":[],"_links":{"self":[{"href":"https:\/\/kuulemisopas.finlex.fi\/sv\/wp-json\/wp\/v2\/pages\/5"}],"collection":[{"href":"https:\/\/kuulemisopas.finlex.fi\/sv\/wp-json\/wp\/v2\/pages"}],"about":[{"href":"https:\/\/kuulemisopas.finlex.fi\/sv\/wp-json\/wp\/v2\/types\/page"}],"author":[{"embeddable":true,"href":"https:\/\/kuulemisopas.finlex.fi\/sv\/wp-json\/wp\/v2\/users\/13"}],"replies":[{"embeddable":true,"href":"https:\/\/kuulemisopas.finlex.fi\/sv\/wp-json\/wp\/v2\/comments?post=5"}],"version-history":[{"count":6,"href":"https:\/\/kuulemisopas.finlex.fi\/sv\/wp-json\/wp\/v2\/pages\/5\/revisions"}],"predecessor-version":[{"id":842,"href":"https:\/\/kuulemisopas.finlex.fi\/sv\/wp-json\/wp\/v2\/pages\/5\/revisions\/842"}],"wp:attachment":[{"href":"https:\/\/kuulemisopas.finlex.fi\/sv\/wp-json\/wp\/v2\/media?parent=5"}],"wp:term":[{"taxonomy":"category","embeddable":true,"href":"https:\/\/kuulemisopas.finlex.fi\/sv\/wp-json\/wp\/v2\/categories?post=5"}],"curies":[{"name":"wp","href":"https:\/\/api.w.org\/{rel}","templated":true}]}}