{"id":546,"date":"2015-09-04T13:36:16","date_gmt":"2015-09-04T10:36:16","guid":{"rendered":"http:\/\/kuulemisopas.finlex.fi\/?page_id=546"},"modified":"2016-02-04T14:35:10","modified_gmt":"2016-02-04T12:35:10","slug":"kuulemisohje","status":"publish","type":"page","link":"https:\/\/kuulemisopas.finlex.fi\/sv\/ohje\/kuulemisohje\/","title":{"rendered":"Anvisning f\u00f6r h\u00f6rande"},"content":{"rendered":"<p><em>Statsr\u00e5det har givit ett principbeslut om anvisning f\u00f6r h\u00f6rande vid f\u00f6rfattningsberedning den 4 februari 2016.<\/em><\/p>","protected":false},"excerpt":{"rendered":"Statsr\u00e5det har givit ett principbeslut om anvisning f\u00f6r h\u00f6rande vid f\u00f6rfattningsberedning den 4 februari 2016.\n","protected":false},"author":13,"featured_media":0,"parent":14,"menu_order":0,"comment_status":"closed","ping_status":"closed","template":"","meta":{"footnotes":""},"categories":[],"_links":{"self":[{"href":"https:\/\/kuulemisopas.finlex.fi\/sv\/wp-json\/wp\/v2\/pages\/546"}],"collection":[{"href":"https:\/\/kuulemisopas.finlex.fi\/sv\/wp-json\/wp\/v2\/pages"}],"about":[{"href":"https:\/\/kuulemisopas.finlex.fi\/sv\/wp-json\/wp\/v2\/types\/page"}],"author":[{"embeddable":true,"href":"https:\/\/kuulemisopas.finlex.fi\/sv\/wp-json\/wp\/v2\/users\/13"}],"replies":[{"embeddable":true,"href":"https:\/\/kuulemisopas.finlex.fi\/sv\/wp-json\/wp\/v2\/comments?post=546"}],"version-history":[{"count":7,"href":"https:\/\/kuulemisopas.finlex.fi\/sv\/wp-json\/wp\/v2\/pages\/546\/revisions"}],"predecessor-version":[{"id":735,"href":"https:\/\/kuulemisopas.finlex.fi\/sv\/wp-json\/wp\/v2\/pages\/546\/revisions\/735"}],"up":[{"embeddable":true,"href":"https:\/\/kuulemisopas.finlex.fi\/sv\/wp-json\/wp\/v2\/pages\/14"}],"wp:attachment":[{"href":"https:\/\/kuulemisopas.finlex.fi\/sv\/wp-json\/wp\/v2\/media?parent=546"}],"wp:term":[{"taxonomy":"category","embeddable":true,"href":"https:\/\/kuulemisopas.finlex.fi\/sv\/wp-json\/wp\/v2\/categories?post=546"}],"curies":[{"name":"wp","href":"https:\/\/api.w.org\/{rel}","templated":true}]}}