{"id":75,"date":"2015-05-29T11:44:05","date_gmt":"2015-05-29T08:44:05","guid":{"rendered":"http:\/\/kuulemisohje\/?page_id=75"},"modified":"2019-05-13T14:33:54","modified_gmt":"2019-05-13T11:33:54","slug":"tietoa-palvelusta","status":"publish","type":"page","link":"https:\/\/kuulemisopas.finlex.fi\/sv\/tietoa-palvelusta\/","title":{"rendered":"Information"},"content":{"rendered":"<p class=\"qtranxs-available-languages-message qtranxs-available-languages-message-sv\">Tyv\u00e4rr \u00e4r denna artikel enbart tillg\u00e4nglig p\u00e5 <a href=\"https:\/\/kuulemisopas.finlex.fi\/fi\/wp-json\/wp\/v2\/pages\/75\" class=\"qtranxs-available-language-link qtranxs-available-language-link-fi\" title=\"Suomeksi\">Finska<\/a>.<\/p>","protected":false},"excerpt":{"rendered":"Tyv\u00e4rr \u00e4r denna artikel enbart tillg\u00e4nglig p\u00e5 Finska.\n","protected":false},"author":13,"featured_media":0,"parent":0,"menu_order":0,"comment_status":"closed","ping_status":"closed","template":"page-templates\/text-page.php","meta":{"footnotes":""},"categories":[],"_links":{"self":[{"href":"https:\/\/kuulemisopas.finlex.fi\/sv\/wp-json\/wp\/v2\/pages\/75"}],"collection":[{"href":"https:\/\/kuulemisopas.finlex.fi\/sv\/wp-json\/wp\/v2\/pages"}],"about":[{"href":"https:\/\/kuulemisopas.finlex.fi\/sv\/wp-json\/wp\/v2\/types\/page"}],"author":[{"embeddable":true,"href":"https:\/\/kuulemisopas.finlex.fi\/sv\/wp-json\/wp\/v2\/users\/13"}],"replies":[{"embeddable":true,"href":"https:\/\/kuulemisopas.finlex.fi\/sv\/wp-json\/wp\/v2\/comments?post=75"}],"version-history":[{"count":3,"href":"https:\/\/kuulemisopas.finlex.fi\/sv\/wp-json\/wp\/v2\/pages\/75\/revisions"}],"predecessor-version":[{"id":814,"href":"https:\/\/kuulemisopas.finlex.fi\/sv\/wp-json\/wp\/v2\/pages\/75\/revisions\/814"}],"wp:attachment":[{"href":"https:\/\/kuulemisopas.finlex.fi\/sv\/wp-json\/wp\/v2\/media?parent=75"}],"wp:term":[{"taxonomy":"category","embeddable":true,"href":"https:\/\/kuulemisopas.finlex.fi\/sv\/wp-json\/wp\/v2\/categories?post=75"}],"curies":[{"name":"wp","href":"https:\/\/api.w.org\/{rel}","templated":true}]}}